{"id":14943,"date":"2022-03-05T21:20:12","date_gmt":"2022-03-05T20:20:12","guid":{"rendered":"https:\/\/habersetzer-kollegen.de\/contact\/"},"modified":"2023-11-16T14:21:22","modified_gmt":"2023-11-16T13:21:22","slug":"contact","status":"publish","type":"page","link":"https:\/\/habersetzer-kollegen.de\/en\/contact\/","title":{"rendered":"Contact"},"content":{"rendered":"<section class=\"l-section wpb_row us_custom_c70c97eb height_huge\"><div class=\"l-section-h i-cf\"><div class=\"g-cols vc_row via_flex valign_middle type_default stacking_default\"><div class=\"vc_col-sm-12 vc_col-lg-6 vc_col-md-6 wpb_column vc_column_container\"><div class=\"vc_column-inner us_custom_47d40b1d us_animate_this\"><div class=\"wpb_wrapper\"><div class=\"g-cols wpb_row via_flex valign_top type_default stacking_default\"><div class=\"vc_col-sm-12 vc_col-lg-10 wpb_column vc_column_container\"><div class=\"vc_column-inner\"><div class=\"wpb_wrapper\"><div class=\"w-image hide_on_tablets has_ratio align_none\"><div class=\"w-image-h\"><div style=\"padding-bottom:100%\"><\/div><img loading=\"lazy\" decoding=\"async\" width=\"1000\" height=\"667\" src=\"https:\/\/habersetzer-kollegen.de\/wp-content\/uploads\/2023\/10\/Habersetzer_2023_55564kkk.jpg\" class=\"attachment-large size-large\" alt=\"\" srcset=\"https:\/\/habersetzer-kollegen.de\/wp-content\/uploads\/2023\/10\/Habersetzer_2023_55564kkk.jpg 1000w, https:\/\/habersetzer-kollegen.de\/wp-content\/uploads\/2023\/10\/Habersetzer_2023_55564kkk-300x200.jpg 300w\" sizes=\"auto, (max-width: 1000px) 100vw, 1000px\" \/><\/div><\/div><div class=\"w-image hide_on_default hide_on_laptops hide_on_mobiles has_ratio align_none\"><div class=\"w-image-h\"><div style=\"padding-bottom:56.25%\"><\/div><img loading=\"lazy\" decoding=\"async\" width=\"1000\" height=\"667\" src=\"https:\/\/habersetzer-kollegen.de\/wp-content\/uploads\/2023\/10\/Habersetzer_2023_55564kkk.jpg\" class=\"attachment-large size-large\" alt=\"\" srcset=\"https:\/\/habersetzer-kollegen.de\/wp-content\/uploads\/2023\/10\/Habersetzer_2023_55564kkk.jpg 1000w, https:\/\/habersetzer-kollegen.de\/wp-content\/uploads\/2023\/10\/Habersetzer_2023_55564kkk-300x200.jpg 300w\" sizes=\"auto, (max-width: 1000px) 100vw, 1000px\" \/><\/div><\/div><\/div><\/div><\/div><div class=\"vc_col-sm-2 wpb_column vc_column_container\"><div class=\"vc_column-inner us_custom_5c39d12a\"><div class=\"wpb_wrapper\"><\/div><\/div><\/div><\/div><\/div><\/div><\/div><div class=\"vc_col-sm-12 vc_col-lg-6 vc_col-md-6 wpb_column vc_column_container\"><div class=\"vc_column-inner us_custom_865ad4dd us_animate_this\"><div class=\"wpb_wrapper\"><div class=\"w-separator hide_on_default hide_on_laptops size_medium\"><\/div><div class=\"g-cols wpb_row via_flex valign_top type_default stacking_default\"><div class=\"vc_col-sm-12 wpb_column vc_column_container\"><div class=\"vc_column-inner\"><div class=\"wpb_wrapper\"><div class=\"wpb_text_column us_custom_8889e6af has_text_color\"><div class=\"wpb_wrapper\"><p>Do you have questions?<\/p>\n<\/div><\/div><div class=\"w-separator size_small\"><\/div><div class=\"wpb_text_column hide_on_tablets\"><div class=\"wpb_wrapper\"><h2 style=\"text-align: left;\">Feel free to<br \/>\ncontact us!<\/h2>\n<\/div><\/div><div class=\"wpb_text_column hide_on_default hide_on_laptops hide_on_mobiles\"><div class=\"wpb_wrapper\"><h2 style=\"text-align: left;\">Feel free to contact us!<\/h2>\n<\/div><\/div><div class=\"wpb_text_column us_custom_6745946f has_text_color\"><div class=\"wpb_wrapper\"><h5>We look forward to getting to know you!<\/h5>\n<\/div><\/div><div class=\"wpb_text_column\"><div class=\"wpb_wrapper\"><p>We are available to assist you at any time via phone, email, or our online form.<\/p>\n<\/div><\/div><div class=\"wpb_text_column\"><div class=\"wpb_wrapper\"><p><strong>Habersetzer &amp; Kollegen GmbH<\/strong><br \/>\nWirtschaftspr\u00fcfungsgesellschaft<br \/>\nSteuerberatungsgesellschaft<\/p>\n<\/div><\/div><div class=\"w-separator size_small\"><\/div><div class=\"w-btn-wrapper align_none\"><a class=\"w-btn us-btn-style_41 us_custom_4af52cd7 icon_atright text_none\" aria-label=\"Button\" href=\"#standorte\"><i class=\"fad fa-long-arrow-down\"><\/i><\/a><\/div><div class=\"w-separator hide_on_laptops hide_on_tablets hide_on_mobiles size_small\"><\/div><\/div><\/div><\/div><\/div><\/div><\/div><\/div><\/div><\/div><\/section><section class=\"l-section wpb_row height_huge\"><div class=\"l-section-h i-cf\"><div class=\"g-cols vc_row via_flex valign_top type_default stacking_default\"><div class=\"vc_col-sm-12 vc_col-md-6 wpb_column vc_column_container\"><div class=\"vc_column-inner\"><div class=\"wpb_wrapper\"><div class=\"w-image us_custom_5fbd28cc hide_on_default hide_on_laptops has_ratio align_none\"><div class=\"w-image-h\"><div style=\"padding-bottom:75%\"><\/div><img loading=\"lazy\" decoding=\"async\" width=\"900\" height=\"600\" src=\"https:\/\/habersetzer-kollegen.de\/wp-content\/uploads\/2023\/08\/Habersetzer_2023_506.jpg\" class=\"attachment-large size-large\" alt=\"\" srcset=\"https:\/\/habersetzer-kollegen.de\/wp-content\/uploads\/2023\/08\/Habersetzer_2023_506.jpg 900w, https:\/\/habersetzer-kollegen.de\/wp-content\/uploads\/2023\/08\/Habersetzer_2023_506-300x200.jpg 300w\" sizes=\"auto, (max-width: 900px) 100vw, 900px\" \/><\/div><\/div><div class=\"w-separator hide_on_default hide_on_laptops size_medium\"><\/div><div class=\"wpb_text_column\"><div class=\"wpb_wrapper\"><h2>Working with Us<\/h2>\n<\/div><\/div><div class=\"wpb_text_column us_custom_6745946f has_text_color\"><div class=\"wpb_wrapper\"><h5>Starting a career at Habersetzer and Kollegen GmbH<\/h5>\n<\/div><\/div><div class=\"wpb_text_column\"><div class=\"wpb_wrapper\"><p class=\"p2\"><span class=\"s1\">As a medium-sized certified public accountants and tax advisory firm, we serve clients from various industries nationwide, offering a comprehensive range of services that include tax advisory and the implementation of family office management, among others.<\/span><\/p>\n<\/div><\/div><div class=\"w-separator size_small\"><\/div><div class=\"w-btn-wrapper align_none\"><a class=\"w-btn us-btn-style_1\" title=\"Working with Us\" href=\"https:\/\/habersetzer-kollegen.de\/en\/working-with-us\/\"><span class=\"w-btn-label\">Job Listings<\/span><\/a><\/div><\/div><\/div><\/div><div class=\"vc_col-sm-6 vc_hidden-sm vc_hidden-xs wpb_column vc_column_container\"><div class=\"vc_column-inner\"><div class=\"wpb_wrapper\"><div class=\"g-cols wpb_row via_flex valign_top type_default stacking_default\"><div class=\"vc_col-sm-2 wpb_column vc_column_container\"><div class=\"vc_column-inner\"><div class=\"wpb_wrapper\"><\/div><\/div><\/div><div class=\"vc_col-sm-10 wpb_column vc_column_container\"><div class=\"vc_column-inner\"><div class=\"wpb_wrapper\"><div class=\"w-image us_custom_5fbd28cc align_none\"><div class=\"w-image-h\"><img loading=\"lazy\" decoding=\"async\" width=\"900\" height=\"600\" src=\"https:\/\/habersetzer-kollegen.de\/wp-content\/uploads\/2023\/08\/Habersetzer_2023_506.jpg\" class=\"attachment-large size-large\" alt=\"\" srcset=\"https:\/\/habersetzer-kollegen.de\/wp-content\/uploads\/2023\/08\/Habersetzer_2023_506.jpg 900w, https:\/\/habersetzer-kollegen.de\/wp-content\/uploads\/2023\/08\/Habersetzer_2023_506-300x200.jpg 300w\" sizes=\"auto, (max-width: 900px) 100vw, 900px\" \/><\/div><\/div><\/div><\/div><\/div><\/div><\/div><\/div><\/div><\/div><\/div><\/section><section class=\"l-section wpb_row height_auto\"><div class=\"l-section-h i-cf\"><div class=\"g-cols vc_row via_flex valign_top type_default stacking_default\"><div class=\"vc_col-sm-12 wpb_column vc_column_container\"><div class=\"vc_column-inner\"><div class=\"wpb_wrapper\"><div class=\"w-separator size_custom with_line width_default thick_1 style_solid color_border align_center\" style=\"height:2px\"><div class=\"w-separator-h\"><\/div><\/div><\/div><\/div><\/div><\/div><\/div><\/section><section class=\"l-section wpb_row height_huge\" id=\"standorte\"><div class=\"l-section-h i-cf\"><div class=\"g-cols vc_row via_flex valign_top type_default stacking_default\"><div class=\"vc_col-sm-12 wpb_column vc_column_container\"><div class=\"vc_column-inner\"><div class=\"wpb_wrapper\"><div class=\"w-tabs layout_hor style_trendy switch_hover has_scrolling\" style=\"--sections-title-size:1em\" data-accordion-at-width=\"0\"><div class=\"w-tabs-list items_2 align_none\"><div class=\"w-tabs-list-h\"><button class=\"w-tabs-item active\" aria-controls=\"content-ie1b\" aria-expanded=\"false\"><span class=\"w-tabs-item-title\">Munich<\/span><\/button><button class=\"w-tabs-item\" aria-controls=\"content-p914\" aria-expanded=\"false\"><span class=\"w-tabs-item-title\">Hamburg<\/span><\/button><\/div><\/div><div class=\"w-tabs-sections titles-align_none icon_chevron cpos_right\"><div class=\"w-tabs-section active\" id=\"ie1b\"><button class=\"w-tabs-section-header active\" aria-controls=\"content-ie1b\" aria-expanded=\"true\"><div class=\"w-tabs-section-title\">Munich<\/div><div class=\"w-tabs-section-control\"><\/div><\/button><div  class=\"w-tabs-section-content\" id=\"content-ie1b\"><div class=\"w-tabs-section-content-h i-cf\"><div class=\"w-separator size_medium\"><\/div><div class=\"g-cols wpb_row via_flex valign_middle type_default stacking_default\"><div class=\"vc_col-sm-12 vc_col-md-4 wpb_column vc_column_container\"><div class=\"vc_column-inner\"><div class=\"wpb_wrapper\"><div class=\"w-html us_custom_e3401e56\"><iframe src=\"https:\/\/www.google.com\/maps\/embed?pb=!1m18!1m12!1m3!1d665.9452606416723!2d11.482054369668113!3d48.114459393584134!2m3!1f0!2f0!3f0!3m2!1i1024!2i768!4f13.1!3m3!1m2!1s0x479dd859d048f213%3A0x60de0f24e972e97d!2zV8O8cm10YWxzdHJhw59lIDg1LCA4MTM3NSBNw7xuY2hlbg!5e0!3m2!1sde!2sde!4v1683722107150!5m2!1sde!2sde\" width=\"100%\" height=\"300\" style=\"border:0;border-radius:1.5rem;overflow:hidden;box-shadow:0 5px 27px 0 rgba(58,67,84,0.09);\" allowfullscreen=\"\" loading=\"lazy\" referrerpolicy=\"no-referrer-when-downgrade\"><\/iframe><\/div><\/div><\/div><\/div><div class=\"vc_col-sm-6 vc_col-md-4 wpb_column vc_column_container\"><div class=\"vc_column-inner us_custom_02649cbb\"><div class=\"wpb_wrapper\"><div class=\"w-btn-wrapper align_justify\"><a class=\"w-btn us-btn-style_32 icon_atleft\" href=\"tel:+4989548080\"><i class=\"fad fa-phone-alt\"><\/i><span class=\"w-btn-label\">+49 (0) 89 54 808-0<\/span><\/a><\/div><div class=\"w-separator size_small\"><\/div><div class=\"w-btn-wrapper align_justify\"><a class=\"w-btn us-btn-style_34 icon_atleft\" href=\"#\"><i class=\"fad fa-fax\"><\/i><span class=\"w-btn-label\">+49 (0) 89 54 808-100<\/span><\/a><\/div><div class=\"w-separator size_small\"><\/div><div class=\"w-btn-wrapper align_justify\"><a class=\"w-btn us-btn-style_34 icon_atleft\" href=\"mailto: info@habersetzer-kollegen.de\"><i class=\"fad fa-envelope\"><\/i><span class=\"w-btn-label\">info@habersetzer-kollegen.de<\/span><\/a><\/div><div class=\"w-separator size_small\"><\/div><div class=\"w-btn-wrapper align_justify\"><a class=\"w-btn us-btn-style_57 icon_atleft\" title=\"Kontakt Office Munich\" href=\"https:\/\/habersetzer-kollegen.de\/wp-content\/uploads\/2023\/10\/buero_muenchen_1.vcf\"><i class=\"fad fa-envelope\"><\/i><span class=\"w-btn-label\">Kontakt speichern<\/span><\/a><\/div><\/div><\/div><\/div><div class=\"vc_col-sm-6 vc_col-md-4 wpb_column vc_column_container\"><div class=\"vc_column-inner\"><div class=\"wpb_wrapper\"><div class=\"w-separator hide_on_default hide_on_laptops size_small\"><\/div><div class=\"wpb_text_column us_custom_33e62e98\"><div class=\"wpb_wrapper\"><h4>Munich<\/h4>\n<\/div><\/div><div class=\"wpb_text_column\"><div class=\"wpb_wrapper\"><p>W\u00fcrmtalstra\u00dfe 85 \u2022 81375 M\u00fcnchen<\/p>\n<\/div><\/div><div class=\"wpb_text_column\"><div class=\"wpb_wrapper\"><h5>Opening Times:<\/h5>\n<p style=\"font-size: 16px; line-height: 24px;\">Monday &#8211; Thursday von 08:00 &#8211; 17:00 Uhr<br \/>\nFriday von 08:00 &#8211; 15:00 Uhr<br \/>\n<em style=\"font-size: 14px; line-height: 21px;\">Termine au\u00dferhalb der B\u00fcrozeiten nach Vereinbarung.<\/em><\/p>\n<\/div><\/div><\/div><\/div><\/div><\/div><\/div><\/div><\/div><div class=\"w-tabs-section\" id=\"p914\"><button class=\"w-tabs-section-header\" aria-controls=\"content-p914\" aria-expanded=\"false\"><div class=\"w-tabs-section-title\">Hamburg<\/div><div class=\"w-tabs-section-control\"><\/div><\/button><div  class=\"w-tabs-section-content\" id=\"content-p914\"><div class=\"w-tabs-section-content-h i-cf\"><div class=\"w-separator size_medium\"><\/div><div class=\"g-cols wpb_row via_flex valign_middle type_default stacking_default\"><div class=\"vc_col-sm-12 vc_col-md-4 wpb_column vc_column_container\"><div class=\"vc_column-inner\"><div class=\"wpb_wrapper\"><div class=\"w-html us_custom_e3401e56\"><iframe src=\"https:\/\/www.google.com\/maps\/embed?pb=!1m18!1m12!1m3!1d148.12774565590664!2d9.988899358177699!3d53.55698324786913!2m3!1f0!2f0!3f0!3m2!1i1024!2i768!4f13.1!3m3!1m2!1s0x47b18f1840d006fd%3A0xe5c2bdf251a49b7!2sGro%C3%9Fe%20Theaterstra%C3%9Fe%2031%2C%2020354%20Hamburg!5e0!3m2!1sde!2sde!4v1683723633499!5m2!1sde!2sde\" width=\"100%\" height=\"300\" style=\"border:0;border-radius:1.5rem;overflow:hidden;box-shadow:0 5px 27px 0 rgba(58,67,84,0.09);\" allowfullscreen=\"\" loading=\"lazy\" referrerpolicy=\"no-referrer-when-downgrade\"><\/iframe><\/div><\/div><\/div><\/div><div class=\"vc_col-sm-6 vc_col-md-4 wpb_column vc_column_container\"><div class=\"vc_column-inner us_custom_02649cbb\"><div class=\"wpb_wrapper\"><div class=\"w-btn-wrapper align_justify\"><a class=\"w-btn us-btn-style_32 icon_atleft\" href=\"tel:+49403560030\"><i class=\"fad fa-phone-alt\"><\/i><span class=\"w-btn-label\">+49 (0) 40-356003-0<\/span><\/a><\/div><div class=\"w-separator size_small\"><\/div><div class=\"w-btn-wrapper align_justify\"><a class=\"w-btn us-btn-style_34 icon_atleft\" href=\"#\"><i class=\"fad fa-fax\"><\/i><span class=\"w-btn-label\">+49 (0) 40-356003-38<\/span><\/a><\/div><div class=\"w-separator size_small\"><\/div><div class=\"w-btn-wrapper align_justify\"><a class=\"w-btn us-btn-style_34 icon_atleft\" href=\"mailto: info@habersetzer-kollegen.de\"><i class=\"fad fa-envelope\"><\/i><span class=\"w-btn-label\">info@habersetzer-kollegen.de<\/span><\/a><\/div><div class=\"w-separator size_small\"><\/div><div class=\"w-btn-wrapper align_justify\"><a class=\"w-btn us-btn-style_57 icon_atleft\" title=\"Kontakt B\u00fcro Hamburg\" href=\"https:\/\/habersetzer-kollegen.de\/wp-content\/uploads\/2023\/10\/buero_hamburg_1.vcf\"><i class=\"fad fa-envelope\"><\/i><span class=\"w-btn-label\">Kontakt speichern<\/span><\/a><\/div><\/div><\/div><\/div><div class=\"vc_col-sm-6 vc_col-md-4 wpb_column vc_column_container\"><div class=\"vc_column-inner\"><div class=\"wpb_wrapper\"><div class=\"w-separator hide_on_default hide_on_laptops hide_on_mobiles size_medium\"><\/div><div class=\"w-separator hide_on_default hide_on_laptops hide_on_tablets size_small\"><\/div><div class=\"wpb_text_column us_custom_33e62e98\"><div class=\"wpb_wrapper\"><h4>Hamburg<\/h4>\n<\/div><\/div><div class=\"wpb_text_column\"><div class=\"wpb_wrapper\"><p>Opera Offices Neo<br \/>\nGro\u00dfe Theaterstra\u00dfe 31 \u2022 20354 Hamburg<\/p>\n<\/div><\/div><div class=\"wpb_text_column\"><div class=\"wpb_wrapper\"><h5>Opening Times:<\/h5>\n<p style=\"font-size: 16px; line-height: 24px;\">Montag &#8211; Freitag von 08:00 &#8211; 16:30 Uhr<br \/>\n<em style=\"font-size: 14px; line-height: 21px;\">Termine au\u00dferhalb der B\u00fcrozeiten nach Vereinbarung.<\/em><\/p>\n<\/div><\/div><div class=\"wpb_text_column us_custom_8889e6af has_text_color\"><div class=\"wpb_wrapper\"><h6>Ihr Ansprechpartner in Hamburg, ausschlie\u00dflich f\u00fcr Fragen zur Wirtschaftspr\u00fcfung<\/h6>\n<\/div><\/div><\/div><\/div><\/div><\/div><\/div><\/div><\/div><\/div><\/div><\/div><\/div><\/div><\/div><\/div><\/section><section class=\"l-section wpb_row height_auto\"><div class=\"l-section-h i-cf\"><div class=\"g-cols vc_row via_flex valign_top type_default stacking_default\"><div class=\"vc_col-sm-12 wpb_column vc_column_container\"><div class=\"vc_column-inner us_custom_6c0ee9e8 us_animate_this\"><div class=\"wpb_wrapper\"><div class=\"w-separator size_custom with_line width_default thick_1 style_solid color_border align_center\" style=\"height:2px\"><div class=\"w-separator-h\"><\/div><\/div><\/div><\/div><\/div><\/div><\/div><\/section><section class=\"l-section wpb_row height_huge\" id=\"form\"><div class=\"l-section-h i-cf\"><div class=\"g-cols vc_row via_flex valign_top type_default stacking_default\"><div class=\"vc_col-sm-12 vc_col-lg-6 vc_col-md-6 wpb_column vc_column_container\"><div class=\"vc_column-inner us_custom_c6ca2907 us_animate_this\"><div class=\"wpb_wrapper\"><div class=\"g-cols wpb_row via_flex valign_top type_default stacking_default\"><div class=\"vc_col-sm-10 wpb_column vc_column_container\"><div class=\"vc_column-inner\"><div class=\"wpb_wrapper\"><div class=\"wpb_text_column us_custom_33e62e98\"><div class=\"wpb_wrapper\"><h3>Contact Us via Our Online Form.<\/h3>\n<\/div><\/div><div class=\"wpb_text_column\"><div class=\"wpb_wrapper\"><p>We will get back to you within one business day!<\/p>\n<\/div><\/div><\/div><\/div><\/div><div class=\"vc_col-sm-2 wpb_column vc_column_container\"><div class=\"vc_column-inner\"><div class=\"wpb_wrapper\"><\/div><\/div><\/div><\/div><\/div><\/div><\/div><div class=\"vc_col-sm-12 vc_col-lg-6 vc_col-md-6 wpb_column vc_column_container\"><div class=\"vc_column-inner us_custom_58cf3eb3 us_animate_this\"><div class=\"wpb_wrapper\"><div class=\"g-cols wpb_row via_flex valign_top type_default stacking_default\"><div class=\"vc_col-sm-12 vc_hidden-lg vc_hidden-md wpb_column vc_column_container\"><div class=\"vc_column-inner\"><div class=\"wpb_wrapper\"><div class=\"w-separator size_medium\"><\/div><\/div><\/div><\/div><\/div><form class=\"w-form  layout_ver for_cform us_form_1\" autocomplete=\"off\" action=\"https:\/\/habersetzer-kollegen.de\/en\/wp-json\/wp\/v2\/pages\/14943\" method=\"post\"><div class=\"w-form-h\"><div class=\"w-form-row for_text has_label move_label required with_icon cols_2\">\r\n\t\t\t<div class=\"w-form-row-label\">\r\n\t\t\t<span>Vorname *<\/span>\r\n\t\t<\/div>\r\n\t\t<div class=\"w-form-row-field\">\r\n\t\t\t\t<i class=\"fal fa-user\"><\/i>\t\t<input aria-label=\"Vorname\" type=\"text\" name=\"us_form_1_text_1\" value placeholder=\"Vorname\" data-required=\"true\" aria-required=\"true\"\/>\r\n\t\t\t<\/div>\r\n\t\t<div class=\"w-form-row-state\">Fill out this field<\/div>\r\n<\/div>\r\n<div class=\"w-form-row for_text has_label move_label required with_icon cols_2\">\r\n\t\t\t<div class=\"w-form-row-label\">\r\n\t\t\t<span>Nachname *<\/span>\r\n\t\t<\/div>\r\n\t\t<div class=\"w-form-row-field\">\r\n\t\t\t\t<i class=\"fal fa-user\"><\/i>\t\t<input aria-label=\"Nachname\" type=\"text\" name=\"us_form_1_text_2\" value placeholder=\"Nachname\" data-required=\"true\" aria-required=\"true\"\/>\r\n\t\t\t<\/div>\r\n\t\t<div class=\"w-form-row-state\">Fill out this field<\/div>\r\n<\/div>\r\n<div class=\"w-form-row for_email has_label move_label required with_icon\">\r\n\t\t\t<div class=\"w-form-row-label\">\r\n\t\t\t<span>E-Mail Adresse *<\/span>\r\n\t\t<\/div>\r\n\t\t<div class=\"w-form-row-field\">\r\n\t\t\t\t<i class=\"fal fa-envelope\"><\/i>\t\t<input aria-label=\"E-Mail Adresse\" type=\"email\" name=\"us_form_1_email_1\" value placeholder=\"E-Mail Adresse\" data-required=\"true\" aria-required=\"true\"\/>\r\n\t\t\t<\/div>\r\n\t\t<div class=\"w-form-row-state\">Please enter a valid email address.<\/div>\r\n<\/div>\r\n<div class=\"w-form-row for_text has_label move_label required with_icon\">\r\n\t\t\t<div class=\"w-form-row-label\">\r\n\t\t\t<span>Telefonnummer *<\/span>\r\n\t\t<\/div>\r\n\t\t<div class=\"w-form-row-field\">\r\n\t\t\t\t<i class=\"fal fa-phone-alt\"><\/i>\t\t<input aria-label=\"Telefonnummer\" inputmode=\"numeric\" type=\"text\" name=\"us_form_1_text_3\" value placeholder=\"Telefonnummer\" data-required=\"true\" aria-required=\"true\"\/>\r\n\t\t\t<\/div>\r\n\t\t<div class=\"w-form-row-state\">Fill out this field<\/div>\r\n<\/div>\r\n<div class=\"w-form-row for_textarea has_label move_label with_icon\">\r\n\t\t\t<div class=\"w-form-row-label\">\r\n\t\t\t<span>Nachricht \/ Anliegen<\/span>\r\n\t\t<\/div>\r\n\t\t<div class=\"w-form-row-field\">\r\n\t\t\t\t<i class=\"fal fa-pen-alt\"><\/i>\t\t<textarea aria-label=\"Nachricht \/ Anliegen\" name=\"us_form_1_textarea_1\" placeholder=\"Nachricht \/ Anliegen\"><\/textarea>\r\n\t\t\t<\/div>\r\n\t\t<div class=\"w-form-row-state\">Fill out this field<\/div>\r\n<\/div>\r\n<div class=\"w-form-row for_agreement required\">\r\n\t\t<div class=\"w-form-row-field\">\r\n\t\t\t\t<label>\r\n\t\t\t<input type=\"checkbox\" class=\"screen-reader-text\" value=\"1\" data-required=\"true\" aria-required=\"true\" name=\"us_form_1_agreement_1\"\/>\r\n\t\t\t<span class=\"w-form-checkbox\"><\/span>\r\n\t\t\t<span>Ich habe die <a target=\"_blank\" href=\"https:\/\/habersetzer-kollegen.de\/datenschutz\/\">Datenschutzbestimmungen<\/a> gelesen und akzeptiere diese.<\/span>\r\n\t\t<\/label>\r\n\t\t\t<\/div>\r\n\t\t<div class=\"w-form-row-state\">You need to agree with the terms to proceed<\/div>\r\n<\/div>\r\n<input type=\"hidden\" name=\"action\" value=\"us_ajax_cform\" \/>\r\n<input type=\"hidden\" name=\"post_id\" value=\"0\" \/>\r\n<input type=\"hidden\" name=\"form_index\" value=\"1\" \/>\r\n<div class=\"w-form-row for_submit  align_none\">\r\n\t<button class=\"w-btn icon_atright us-btn-style_1\" aria-label=\"Jetzt absenden\" type=\"submit\">\r\n\t\t<span class=\"g-preloader type_1\"><\/span>\r\n\t\t\t\t<span class=\"w-btn-label\">Jetzt absenden<\/span>\r\n\t\t<i class=\"fad fa-long-arrow-right\"><\/i>\t<\/button>\r\n\t<\/div>\r\n<\/div><div class=\"w-form-message\"><\/div><div class=\"w-form-json hidden\" onclick='return {&quot;ajaxurl&quot;:&quot;https:\\\/\\\/habersetzer-kollegen.de\\\/wp-admin\\\/admin-ajax.php&quot;,&quot;messages&quot;:{&quot;err_empty&quot;:&quot;Fill out this field&quot;,&quot;err_size&quot;:&quot;File size cannot exceed %s MB&quot;,&quot;err_extension&quot;:&quot;%s file type is not allowed&quot;}}'><\/div><\/form><\/div><\/div><\/div><\/div><\/div><\/section>\n","protected":false},"excerpt":{"rendered":"Do you have questions? Feel free to contact us! Feel free to contact us! We look forward to getting to know you! We are available to assist you at any time via phone, email, or our online form. Habersetzer &amp; Kollegen GmbH Wirtschaftspr\u00fcfungsgesellschaft Steuerberatungsgesellschaft Working with Us Starting a career at Habersetzer and Kollegen GmbH...","protected":false},"author":1,"featured_media":0,"parent":0,"menu_order":17,"comment_status":"closed","ping_status":"closed","template":"","meta":{"_acf_changed":false,"footnotes":"","_links_to":"","_links_to_target":""},"class_list":["post-14943","page","type-page","status-publish","hentry"],"acf":[],"_links":{"self":[{"href":"https:\/\/habersetzer-kollegen.de\/en\/wp-json\/wp\/v2\/pages\/14943","targetHints":{"allow":["GET"]}}],"collection":[{"href":"https:\/\/habersetzer-kollegen.de\/en\/wp-json\/wp\/v2\/pages"}],"about":[{"href":"https:\/\/habersetzer-kollegen.de\/en\/wp-json\/wp\/v2\/types\/page"}],"author":[{"embeddable":true,"href":"https:\/\/habersetzer-kollegen.de\/en\/wp-json\/wp\/v2\/users\/1"}],"replies":[{"embeddable":true,"href":"https:\/\/habersetzer-kollegen.de\/en\/wp-json\/wp\/v2\/comments?post=14943"}],"version-history":[{"count":5,"href":"https:\/\/habersetzer-kollegen.de\/en\/wp-json\/wp\/v2\/pages\/14943\/revisions"}],"predecessor-version":[{"id":14948,"href":"https:\/\/habersetzer-kollegen.de\/en\/wp-json\/wp\/v2\/pages\/14943\/revisions\/14948"}],"wp:attachment":[{"href":"https:\/\/habersetzer-kollegen.de\/en\/wp-json\/wp\/v2\/media?parent=14943"}],"curies":[{"name":"wp","href":"https:\/\/api.w.org\/{rel}","templated":true}]}}