{"id":15068,"date":"2021-12-03T17:58:21","date_gmt":"2021-12-03T16:58:21","guid":{"rendered":"https:\/\/habersetzer-kollegen.de\/impressum\/"},"modified":"2023-11-16T16:18:07","modified_gmt":"2023-11-16T15:18:07","slug":"impressum","status":"publish","type":"page","link":"https:\/\/habersetzer-kollegen.de\/en\/impressum\/","title":{"rendered":"Impressum"},"content":{"rendered":"<section class=\"l-section wpb_row height_auto\"><div class=\"l-section-h i-cf\"><div class=\"g-cols vc_row via_flex valign_top type_default stacking_default\"><div class=\"vc_col-sm-12 wpb_column vc_column_container\"><div class=\"vc_column-inner\"><div class=\"wpb_wrapper\"><div class=\"wpb_text_column\"><div class=\"wpb_wrapper\"><h2>Habersetzer &amp; Kollegen GmbH<\/h2>\n<p>Wirtschaftspr\u00fcfungsgesellschaft<br \/>\nSteuerberatungsgesellschaft<\/p>\n<p>W\u00fcrmtalstra\u00dfe 85<br \/>\n81375 M\u00fcnchen<br \/>\nDeutschland<\/p>\n<p>Telefon: <a href=\"tel:+4989548080\">+49 (0) 89 54 808-0<\/a><br \/>\nFax: +49 (0) 89 54 808-100<br \/>\nE-Mail: <a href=\"mailto:info@habersetzer-kollegen.de\">info@habersetzer-kollegen.de<\/a><\/p>\n<p>Rechtsform:<br \/>\nGesellschaft mit beschr\u00e4nkter Haftung<\/p>\n<p>Gesch\u00e4ftsf\u00fchrer:<br \/>\nDipl.-Kfm. Peter Arnold, vBP\/StB<br \/>\nDipl.-Kfm. Holger Frederick Sauter, WP\/StB<br \/>\nDipl.-Kfm. Oliver Tripps, WP\/StB<\/p>\n<p>Umsatzsteuer-Identifikationsnummer:<br \/>\nDE 221032809<\/p>\n<p>Handelsregister:<br \/>\nAmtsgericht M\u00fcnchen, HRB 141357<\/p>\n<h5>Berufshaftpflichtversicherung<\/h5>\n<p>Die Berufshaftpflichtversicherung besteht bei der Versicherergemeinschaft f\u00fcr das wirtschaftliche Pr\u00fcfungs- und Treuhandwesen, Dotzheimer Str. 23, 65185 Wiesbaden.<br \/>\nDer r\u00e4umliche Geltungsbereich des Versicherungsschutz umfasst T\u00e4tigkeiten in den Mitgliedsl\u00e4ndern der Europ\u00e4ischen Union und gen\u00fcgt so mindestens den Anforderungen des \u00a7 67 Steuerberatungsgesetz (StBerG), \u00a7\u00a7 51 ff. Verordnung zur Durchf\u00fchrung der Vorschriften \u00fcber Steuerberater, Steuerbevollm\u00e4chtigte und Steuerberatungsgesellschaften (DvStB), \u00a7 54 Wirtschaftspr\u00fcferordnung (WPO) in Verbindung mit der Verordnung \u00fcber die Berufshaftpflichtversicherung der Wirtschaftspr\u00fcfer und vereidigten Buchpr\u00fcfer (WPBHV) sowie \u00a7 51 Bundesrechtsanwaltsordnung (BRAO).<\/p>\n<h5>Allgemeine Informationspflicht nach \u00a7 36 VSBG<\/h5>\n<p>Die Steuerberaterkanzlei Habersetzer und Kollegen GmbH ist grunds\u00e4tzlich nicht bereit und verpflichtet, an Streitbeilegungsverfahren vor einer Verbraucherschlichtungsstelle teilzunehmen.<\/p>\n<p>Allgemeine Informationspflicht zur Online-Streitbeilegung nach der ODR-Verordnung<\/p>\n<h5>EU-Verbraucherschlichtung:<\/h5>\n<p>Wir sind verpflichtet, Sie \u00fcber die M\u00f6glichkeiten der Online-Beilegung von verbraucherrechtlichen Streitigkeiten nach EU-Verordnung Nr. 524\/2013 zu informieren und verweisen entsprechend mit der Bitte um Kenntnisnahme wie folgt: <a href=\"http:\/\/ec.europa.eu\/consumers\/odr\/\">http:\/\/ec.europa.eu\/consumers\/odr\/<\/a><\/p>\n<p>F\u00fcr den Inhalt dieses Links oder sonstiger Ver\u00f6ffentlichungen unter der benannten Homepage zeichnen wir keinerlei Verantwortung.<\/p>\n<h4>Zust\u00e4ndige Aufsichtsbeh\u00f6rde der Wirtschaftspr\u00fcfer<\/h4>\n<h5>Wirtschaftspr\u00fcferkammer<\/h5>\n<h5>K\u00f6rperschaft des \u00f6ffentlichen Rechts<\/h5>\n<p><strong>Hauptgesch\u00e4ftsstelle Berlin<\/strong><br \/>\nRauchstra\u00dfe 26<br \/>\n10787 Berlin<br \/>\nDeutschland<\/p>\n<p>Telefon +49 (30) 726 161-0<br \/>\nFax +49 (30) 726 161-212<br \/>\nE-Mail kontakt@wpk.de<br \/>\nWebsite www.wpk.de<\/p>\n<h4>Zust\u00e4ndige Aufsichtsbeh\u00f6rde der Steuerberater<\/h4>\n<h5>Steuerberaterkammer M\u00fcnchen<\/h5>\n<h5>K\u00f6rperschaft des \u00f6ffentlichen Rechts<\/h5>\n<p>Nederlinger Stra\u00dfe 9<br \/>\n80638 M\u00fcnchen<br \/>\nDeutschland<\/p>\n<p>Telefon +49 (89) 157 902-0<br \/>\nFax +49 (89) 157 902-19<br \/>\nE-Mail info@stbk-muc.de<br \/>\nWebsite www.stbk-muc.de<\/p>\n<h4>Berufsbezeichnung<\/h4>\n<p>Die gesetzlichen Berufsbezeichnungen \u201eSteuerberater\u201c, \u201eWirtschaftspr\u00fcfer\u201c und \u201evereidigter Buchpr\u00fcfer\u201c wurden in der Bundesrepublik Deutschland verliehen. Staat der Zulassung ist die Bundesrepublik Deutschland.<\/p>\n<h4>Berufsrechtliche Regelungen<\/h4>\n<h5>F\u00fcr Wirtschaftspr\u00fcfer und vereidigte Buchpr\u00fcfer<\/h5>\n<ul>\n<li>Wirtschaftspr\u00fcferordnung (WPO)<\/li>\n<li>Berufssatzung f\u00fcr Wirtschaftspr\u00fcfer\/vereidigte Buchpr\u00fcfer (BS WP\/vBP)<\/li>\n<li>Satzung f\u00fcr Qualit\u00e4tskontrolle<\/li>\n<li>Wirtschaftspr\u00fcfer-Berufshaftpflichtversicherungsverordnung (WPBHV)<\/li>\n<\/ul>\n<p>Die Regelungen k\u00f6nnen bei der Wirtschaftspr\u00fcferkammer unter www.wpk.de eingesehen werden.<\/p>\n<h5>F\u00fcr Steuerberater<\/h5>\n<ul>\n<li>Steuerberatungsgesetz (StBerG)<\/li>\n<li>Durchf\u00fchrungsverordnung zum Steuerberatungsgesetz (DVStB)<\/li>\n<li>Berufsordnung der Bundessteuerberaterkammer (BOStB)<\/li>\n<li>Steuerberaterverg\u00fctungsverordnung (StBVV)<\/li>\n<\/ul>\n<p>Die Regelungen k\u00f6nnen bei der Bundessteuerberaterkammer unter www.bstbk.de eingesehen werden.<\/p>\n<h4>Konzeption, Design und Umsetzung der Webseite<\/h4>\n<p><a href=\"https:\/\/innoconcept-gmbh.de\/\"><strong>InnoConcept GmbH<\/strong><\/a><br \/>\nBornberg 94, 42109 Wuppertal<br \/>\nTelefon: <a href=\"tel:+4920226158408\">+49 202 261 584 08<\/a><\/p>\n<h4>Haftungsausschluss<\/h4>\n<p>Der Autor dieser Webseiten ist bestrebt, die hier angebotenen Informationen nach bestem Wissen und Gewissen vollst\u00e4ndig und richtig darzustellen und aktuell zu halten. Dennoch kann er keinerlei Haftung f\u00fcr Sch\u00e4den \u00fcbernehmen, die sich aus der Nutzung der angebotenen Informationen ergeben k\u00f6nnen \u2013 auch wenn diese auf die Nutzung von allenfalls unvollst\u00e4ndigen bzw. fehlerhaften Informationen zur\u00fcckzuf\u00fchren sind.<\/p>\n<p>Verweise auf fremde Webseiten liegen au\u00dferhalb des Verantwortungsbereiches des Autors. Eine Haftung f\u00fcr die Inhalte von verlinkten Seiten ist ausgeschlossen, zumal der Autor keinen Einfluss auf Inhalte wie Gestaltung von gelinkten Seiten hat. F\u00fcr Inhalte von Seiten, auf welche von Seiten dieser Webseiten verwiesen wird, haftet somit allein der Anbieter dieser fremden Webseiten \u2013 niemals jedoch derjenige, der durch einen Link auf fremde Publikationen und Inhalte verweist. Sollten gelinkte Seiten (insbesondere durch Ver\u00e4nderung der Inhalte nach dem Setzen des Links) illegale, fehlerhafte, unvollst\u00e4ndige, beleidigende oder sittenwidrige Informationen beinhalten und wird der Autor dieser Seite auf derartige Inhalte von gelinkten Seiten aufmerksam (gemacht), so wird er einen Link auf derartige Seiten unverz\u00fcglich unterbinden.<\/p>\n<h4><strong>1. Inhalt des Onlineangebots<\/strong><\/h4>\n<p>Die Angaben auf dieser Webseite dienen lediglich der allgemeinen Information und sind nicht als Rechts-, Steuer- oder sonstige Fachberatung zu sehen. Die Webseite beinhaltet unpolitische News, die sich mit dem Steuer-, Sozial- und Wirtschaftsrecht besch\u00e4ftigen und sich vorwiegend an Mandanten der Kanzlei richten.<\/p>\n<h4>2. Urheberrecht<\/h4>\n<p>Die vom Autor selbst erstellten Inhalte (Texte und Bilder) dieser Seiten sind urheberrechtlich gesch\u00fctzt. Die Informationen sind nur f\u00fcr die pers\u00f6nliche Verwendung bestimmt. Jede den Bestimmungen des Urheberrechtsgesetzes widersprechende Verwendung jeglicher Inhalte dieser Webseiten \u2013 insbesondere die weitergehende Nutzung wie beispielsweise die Ver\u00f6ffentlichung, Vervielf\u00e4ltigung und jede Form von gewerblicher Nutzung sowie die Weitergabe an Dritte \u2013 auch in Teilen oder in \u00fcberarbeiteter Form \u2013 ohne ausdr\u00fcckliche Zustimmung des Autors ist untersagt.<\/p>\n<h4>3. Informationsinhalt<\/h4>\n<p>Die Informationen dieser Webseiten k\u00f6nnen ohne vorherige Ank\u00fcndigung ge\u00e4ndert, entfernt oder erg\u00e4nzt werden. Der Autor kann daher keine Garantie f\u00fcr die Korrektheit, Vollst\u00e4ndigkeit, Qualit\u00e4t oder Aktualit\u00e4t der bereitgestellten Informationen geben.<\/p>\n<h4>4. Rechtswirksamkeit<\/h4>\n<p>Durch Nutzung dieser Webseiten unterliegt der Nutzer den gegenst\u00e4ndlichen Nutzungsbedingungen. Diese sind Teil des WWW-Angebotes. Sofern Teile oder einzelne Formulierungen der Nutzungsbedingungen der geltenden Rechtslage nicht, nicht mehr oder nicht vollst\u00e4ndig entsprechen sollten, bleiben die \u00fcbrigen Teile der Nutzungsbedingungen in ihrem Inhalt und ihrer G\u00fcltigkeit davon unber\u00fchrt.<\/p>\n<h5>Inhaltlich Verantwortlicher im Sinne des \u00a7 5 Telemediengesetzes (TMG)<\/h5>\n<p><strong>Habersetzer &amp; Kollegen GmbH<\/strong><br \/>\nWirtschaftspr\u00fcfungsgesellschaft<br \/>\nSteuerberatungsgesellschaft<\/p>\n<p>W\u00fcrmtalstra\u00dfe 85<br \/>\n81375 M\u00fcnchen<br \/>\nDeutschland<\/p>\n<p>Telefon: <a href=\"tel:+4989548080\">+49 (0) 89 54 808-0<\/a><br \/>\nFax: +49 (0) 89 54 808-100<br \/>\nE-Mail: <a href=\"mailto:info@habersetzer-kollegen.de\">info@habersetzer-kollegen.de<\/a><\/p>\n<\/div><\/div><\/div><\/div><\/div><\/div><\/div><\/section>\n","protected":false},"excerpt":{"rendered":"Habersetzer &amp; Kollegen GmbH Wirtschaftspr\u00fcfungsgesellschaft Steuerberatungsgesellschaft W\u00fcrmtalstra\u00dfe 85 81375 M\u00fcnchen Deutschland Telefon: +49 (0) 89 54 808-0 Fax: +49 (0) 89 54 808-100 E-Mail: info@habersetzer-kollegen.de Rechtsform: Gesellschaft mit beschr\u00e4nkter Haftung Gesch\u00e4ftsf\u00fchrer: Dipl.-Kfm. Peter Arnold, vBP\/StB Dipl.-Kfm. Holger Frederick Sauter, WP\/StB Dipl.-Kfm. Oliver Tripps, WP\/StB Umsatzsteuer-Identifikationsnummer: DE 221032809 Handelsregister: Amtsgericht M\u00fcnchen, HRB 141357 Berufshaftpflichtversicherung Die Berufshaftpflichtversicherung...","protected":false},"author":1,"featured_media":0,"parent":0,"menu_order":23,"comment_status":"closed","ping_status":"closed","template":"","meta":{"_acf_changed":false,"footnotes":"","_links_to":"","_links_to_target":""},"class_list":["post-15068","page","type-page","status-publish","hentry"],"acf":[],"_links":{"self":[{"href":"https:\/\/habersetzer-kollegen.de\/en\/wp-json\/wp\/v2\/pages\/15068","targetHints":{"allow":["GET"]}}],"collection":[{"href":"https:\/\/habersetzer-kollegen.de\/en\/wp-json\/wp\/v2\/pages"}],"about":[{"href":"https:\/\/habersetzer-kollegen.de\/en\/wp-json\/wp\/v2\/types\/page"}],"author":[{"embeddable":true,"href":"https:\/\/habersetzer-kollegen.de\/en\/wp-json\/wp\/v2\/users\/1"}],"replies":[{"embeddable":true,"href":"https:\/\/habersetzer-kollegen.de\/en\/wp-json\/wp\/v2\/comments?post=15068"}],"version-history":[{"count":5,"href":"https:\/\/habersetzer-kollegen.de\/en\/wp-json\/wp\/v2\/pages\/15068\/revisions"}],"predecessor-version":[{"id":15073,"href":"https:\/\/habersetzer-kollegen.de\/en\/wp-json\/wp\/v2\/pages\/15068\/revisions\/15073"}],"wp:attachment":[{"href":"https:\/\/habersetzer-kollegen.de\/en\/wp-json\/wp\/v2\/media?parent=15068"}],"curies":[{"name":"wp","href":"https:\/\/api.w.org\/{rel}","templated":true}]}}