{"id":15075,"date":"2021-12-13T13:25:03","date_gmt":"2021-12-13T12:25:03","guid":{"rendered":"https:\/\/habersetzer-kollegen.de\/404-seite-nicht-gefunden\/"},"modified":"2023-11-16T16:18:44","modified_gmt":"2023-11-16T15:18:44","slug":"404-seite-nicht-gefunden","status":"publish","type":"page","link":"https:\/\/habersetzer-kollegen.de\/en\/404-seite-nicht-gefunden\/","title":{"rendered":"404 &#8211; Seite nicht gefunden"},"content":{"rendered":"<section class=\"l-section wpb_row height_huge\"><div class=\"l-section-h i-cf\"><div class=\"g-cols vc_row via_flex valign_top type_default stacking_default\"><div class=\"vc_col-sm-12 wpb_column vc_column_container\"><div class=\"vc_column-inner\"><div class=\"wpb_wrapper\"><div class=\"g-cols wpb_row via_flex valign_top type_default stacking_default\"><div class=\"vc_col-sm-3 wpb_column vc_column_container\"><div class=\"vc_column-inner\"><div class=\"wpb_wrapper\"><\/div><\/div><\/div><div class=\"vc_col-sm-12 vc_col-lg-6 vc_col-md-6 wpb_column vc_column_container\"><div class=\"vc_column-inner\"><div class=\"wpb_wrapper\"><div class=\"wpb_text_column us_custom_6745946f has_text_color\"><div class=\"wpb_wrapper\"><h4 style=\"text-align: center;\">404 &#8211; Seite nicht gefunden<\/h4>\n<\/div><\/div><div class=\"wpb_text_column\"><div class=\"wpb_wrapper\"><h2 style=\"text-align: center;\">Diese Seite existiert leider nicht mehr<\/h2>\n<\/div><\/div><div class=\"wpb_text_column\"><div class=\"wpb_wrapper\"><p style=\"text-align: center;\">Die aufgerufene Seite wurde leider nicht gefunden. Bitte \u00fcberpr\u00fcfen Sie die Eingabe der URL oder kehren Sie zur\u00fcck zur Startseite<\/p>\n<\/div><\/div><div class=\"w-separator size_small\"><\/div><div class=\"w-btn-wrapper align_center\"><a class=\"w-btn us-btn-style_1 icon_atleft\" href=\"\/\"><i class=\"far fa-angle-left\"><\/i><span class=\"w-btn-label\">Zur\u00fcck zur Startseite<\/span><\/a><\/div><\/div><\/div><\/div><div class=\"vc_col-sm-3 wpb_column vc_column_container\"><div class=\"vc_column-inner\"><div class=\"wpb_wrapper\"><\/div><\/div><\/div><\/div><\/div><\/div><\/div><\/div><\/div><\/section>\n","protected":false},"excerpt":{"rendered":"404 &#8211; Seite nicht gefunden Diese Seite existiert leider nicht mehr Die aufgerufene Seite wurde leider nicht gefunden. Bitte \u00fcberpr\u00fcfen Sie die Eingabe der URL oder kehren Sie zur\u00fcck zur Startseite Zur\u00fcck zur Startseite","protected":false},"author":1,"featured_media":0,"parent":0,"menu_order":19,"comment_status":"closed","ping_status":"closed","template":"","meta":{"_acf_changed":false,"footnotes":"","_links_to":"","_links_to_target":""},"class_list":["post-15075","page","type-page","status-publish","hentry"],"acf":[],"_links":{"self":[{"href":"https:\/\/habersetzer-kollegen.de\/en\/wp-json\/wp\/v2\/pages\/15075","targetHints":{"allow":["GET"]}}],"collection":[{"href":"https:\/\/habersetzer-kollegen.de\/en\/wp-json\/wp\/v2\/pages"}],"about":[{"href":"https:\/\/habersetzer-kollegen.de\/en\/wp-json\/wp\/v2\/types\/page"}],"author":[{"embeddable":true,"href":"https:\/\/habersetzer-kollegen.de\/en\/wp-json\/wp\/v2\/users\/1"}],"replies":[{"embeddable":true,"href":"https:\/\/habersetzer-kollegen.de\/en\/wp-json\/wp\/v2\/comments?post=15075"}],"version-history":[{"count":2,"href":"https:\/\/habersetzer-kollegen.de\/en\/wp-json\/wp\/v2\/pages\/15075\/revisions"}],"predecessor-version":[{"id":15077,"href":"https:\/\/habersetzer-kollegen.de\/en\/wp-json\/wp\/v2\/pages\/15075\/revisions\/15077"}],"wp:attachment":[{"href":"https:\/\/habersetzer-kollegen.de\/en\/wp-json\/wp\/v2\/media?parent=15075"}],"curies":[{"name":"wp","href":"https:\/\/api.w.org\/{rel}","templated":true}]}}